{"id":750,"date":"2023-09-28T08:51:32","date_gmt":"2023-09-28T06:51:32","guid":{"rendered":"https:\/\/college-theodore-rancy.fr\/?page_id=750"},"modified":"2025-01-28T15:00:19","modified_gmt":"2025-01-28T14:00:19","slug":"cdi","status":"publish","type":"page","link":"https:\/\/college-theodore-rancy.fr\/index.php\/cdi\/","title":{"rendered":"CDI"},"content":{"rendered":"\n<p>Le Centre de Documentation et d&#8217;Information, anim\u00e9 par la professeure documentaliste -Mme Authier- accueille les \u00e9l\u00e8ves sur les pauses r\u00e9cr\u00e9atives, m\u00e9ridiennes et durant les heures d&#8217;\u00e9tudes.<br>L&#8217;enseignante d\u00e9livre \u00e9galement des heures de formation et d&#8217;accompagnement pour des projets interdisciplinaires.<br>Pour acc\u00e9der au fonds documentaire, c&#8217;est ici :<br><a href=\"https:\/\/0160015e.esidoc.fr\/\">Esidoc.<\/a><\/p>\n\n\n\n<p><\/p>\n","protected":false},"excerpt":{"rendered":"<p>Le Centre de Documentation et d&#8217;Information, anim\u00e9 par la professeure documentaliste -Mme Authier- accueille les \u00e9l\u00e8ves sur les pauses r\u00e9cr\u00e9atives, m\u00e9ridiennes et durant les heures d&#8217;\u00e9tudes.L&#8217;enseignante d\u00e9livre \u00e9galement des heures de formation et d&#8217;accompagnement pour des projets interdisciplinaires.Pour acc\u00e9der au fonds documentaire, c&#8217;est ici :Esidoc.<\/p>\n","protected":false},"author":20,"featured_media":0,"parent":0,"menu_order":0,"comment_status":"closed","ping_status":"closed","template":"","meta":{"saved_in_kubio":false,"footnotes":""},"class_list":["post-750","page","type-page","status-publish","hentry"],"kubio_ai_page_context":{"short_desc":"","purpose":"general"},"_links":{"self":[{"href":"https:\/\/college-theodore-rancy.fr\/index.php\/wp-json\/wp\/v2\/pages\/750","targetHints":{"allow":["GET"]}}],"collection":[{"href":"https:\/\/college-theodore-rancy.fr\/index.php\/wp-json\/wp\/v2\/pages"}],"about":[{"href":"https:\/\/college-theodore-rancy.fr\/index.php\/wp-json\/wp\/v2\/types\/page"}],"author":[{"embeddable":true,"href":"https:\/\/college-theodore-rancy.fr\/index.php\/wp-json\/wp\/v2\/users\/20"}],"replies":[{"embeddable":true,"href":"https:\/\/college-theodore-rancy.fr\/index.php\/wp-json\/wp\/v2\/comments?post=750"}],"version-history":[{"count":5,"href":"https:\/\/college-theodore-rancy.fr\/index.php\/wp-json\/wp\/v2\/pages\/750\/revisions"}],"predecessor-version":[{"id":1570,"href":"https:\/\/college-theodore-rancy.fr\/index.php\/wp-json\/wp\/v2\/pages\/750\/revisions\/1570"}],"wp:attachment":[{"href":"https:\/\/college-theodore-rancy.fr\/index.php\/wp-json\/wp\/v2\/media?parent=750"}],"curies":[{"name":"wp","href":"https:\/\/api.w.org\/{rel}","templated":true}]}}