{"id":74,"date":"2023-02-22T15:05:26","date_gmt":"2023-02-22T14:05:26","guid":{"rendered":"https:\/\/college-theodore-rancy.fr\/?page_id=74"},"modified":"2023-06-22T11:36:29","modified_gmt":"2023-06-22T09:36:29","slug":"infos","status":"publish","type":"page","link":"https:\/\/college-theodore-rancy.fr\/index.php\/infos\/","title":{"rendered":"Informations administratives"},"content":{"rendered":"\n<p>Ouverture du secr\u00e9tariat : de 8 h 30 \u00e0 12 h 30 et de 13 h 40 \u00e0 17 h 30.<\/p>\n\n\n\n<p>Standard : 05 45 98 24 44.<br>Secr\u00e9tariat : <a rel=\"noreferrer noopener\" href=\"mailto:ce.160015e@ac-poitiers.fr\" target=\"_blank\">ce.0160015e@ac-poitiers.fr<\/a><br>Gestion : <a href=\"mailto:int.0160015e@ac-poitiers.fr\">int.0160015e@ac-poitiers.fr<\/a><\/p>\n\n\n\n<hr class=\"wp-block-separator has-alpha-channel-opacity\"\/>\n\n\n\n<p><\/p>\n\n\n\n<h3 class=\"wp-block-heading\">Les informations du secr\u00e9tariat<\/h3>\n\n\n\n<p><\/p>\n\n\n<div\n\t\tclass=\"free alignwide alignwide wp-block-ap-block-posts\"\tid='apbAdvancedPosts-1'\n\tdata-nonce='&quot;9ebc87dcec&quot;'\n\tdata-attributes='{&quot;cId&quot;:&quot;be40971f-d&quot;,&quot;columns&quot;:{&quot;desktop&quot;:3,&quot;tablet&quot;:2,&quot;mobile&quot;:1},&quot;selectedCategories&quot;:[50,69],&quot;isPostsPerPageAll&quot;:true,&quot;postsPerPage&quot;:-1,&quot;fImgFitting&quot;:&quot;contain&quot;,&quot;metaDateFormat&quot;:&quot;d\\\/m\\\/Y&quot;,&quot;readMoreLabel&quot;:&quot;Lire la suite&quot;,&quot;align&quot;:&quot;wide&quot;,&quot;layout&quot;:&quot;grid&quot;,&quot;subLayout&quot;:&quot;default&quot;,&quot;columnGap&quot;:15,&quot;rowGap&quot;:15,&quot;isContentEqualHight&quot;:true,&quot;sliderHeight&quot;:&quot;350px&quot;,&quot;content&quot;:{&quot;height&quot;:&quot;auto&quot;},&quot;postType&quot;:&quot;post&quot;,&quot;selectedTaxonomies&quot;:[],&quot;selectedTags&quot;:[],&quot;postsOrderBy&quot;:&quot;date&quot;,&quot;postsOrder&quot;:&quot;desc&quot;,&quot;postsOffset&quot;:0,&quot;postsInclude&quot;:[],&quot;postsExclude&quot;:[],&quot;isExcludeCurrent&quot;:false,&quot;isPagination&quot;:false,&quot;paginationPrevLabel&quot;:&quot;Prev&quot;,&quot;paginationNextLabel&quot;:&quot;Next&quot;,&quot;paginationColors&quot;:{&quot;color&quot;:&quot;#fff&quot;,&quot;bg&quot;:&quot;#146EF5&quot;},&quot;paginationHovColors&quot;:{&quot;color&quot;:&quot;#fff&quot;,&quot;bg&quot;:&quot;#070127&quot;},&quot;paginationPadding&quot;:{&quot;vertical&quot;:&quot;8px&quot;,&quot;horizontal&quot;:&quot;15px&quot;},&quot;paginationSpacing&quot;:&quot;15px&quot;,&quot;loadMore&quot;:{&quot;type&quot;:&quot;&quot;,&quot;alignment&quot;:&quot;center&quot;,&quot;scrollTop&quot;:{&quot;enabled&quot;:false,&quot;offset&quot;:50},&quot;infinityScroll&quot;:{&quot;offset&quot;:-100,&quot;spinner&quot;:true,&quot;label&quot;:&quot;Loading...&quot;},&quot;button&quot;:{&quot;label&quot;:&quot;Load More&quot;}},&quot;contentAlign&quot;:&quot;left&quot;,&quot;contentBG&quot;:{&quot;color&quot;:&quot;&quot;},&quot;contentPadding&quot;:{&quot;vertical&quot;:&quot;20px&quot;,&quot;horizontal&quot;:&quot;25px&quot;},&quot;border&quot;:{&quot;width&quot;:&quot;1px&quot;,&quot;color&quot;:&quot;#0c0d3c1a&quot;,&quot;radius&quot;:&quot;5px&quot;},&quot;sliderIsLoop&quot;:true,&quot;sliderIsTouchMove&quot;:false,&quot;sliderIsAutoplay&quot;:true,&quot;sliderAutoplayOptions&quot;:{&quot;delay&quot;:1.5},&quot;sliderSpeed&quot;:1.5,&quot;sliderEffect&quot;:&quot;slide&quot;,&quot;sliderIsPage&quot;:true,&quot;sliderIsPageClickable&quot;:true,&quot;sliderIsPageDynamic&quot;:true,&quot;sliderPageColor&quot;:&quot;#146EF5&quot;,&quot;sliderPageWidth&quot;:&quot;15px&quot;,&quot;sliderPageHeight&quot;:&quot;15px&quot;,&quot;sliderPageBorder&quot;:{&quot;radius&quot;:&quot;50%&quot;},&quot;sliderIsPrevNext&quot;:true,&quot;sliderPrevNextColor&quot;:&quot;#146EF5&quot;,&quot;tickerDirection&quot;:&quot;up&quot;,&quot;tickerSpeed&quot;:&quot;slow&quot;,&quot;tickerInterval&quot;:2000,&quot;tickerHeight&quot;:&quot;0px&quot;,&quot;tickerVisible&quot;:3,&quot;tickerIsMousePause&quot;:true,&quot;elementsSort&quot;:[&quot;title&quot;,&quot;meta&quot;],&quot;isFImg&quot;:true,&quot;fImgSize&quot;:&quot;full&quot;,&quot;isFImgLink&quot;:false,&quot;isTitle&quot;:true,&quot;isTitleLink&quot;:true,&quot;titleTypo&quot;:{&quot;fontFamily&quot;:&quot;Roboto&quot;,&quot;fontSize&quot;:{&quot;desktop&quot;:&quot;25px&quot;,&quot;tablet&quot;:&quot;22px&quot;,&quot;mobile&quot;:&quot;20px&quot;},&quot;googleFontLink&quot;:&quot;https:\\\/\\\/fonts.googleapis.com\\\/css2?family=Roboto&amp;display=swap&quot;},&quot;titleColor&quot;:&quot;&quot;,&quot;titleMargin&quot;:{&quot;side&quot;:4,&quot;bottom&quot;:&quot;15px&quot;},&quot;isMeta&quot;:true,&quot;isMetaAuthor&quot;:true,&quot;isMetaAuthorLink&quot;:true,&quot;metaAuthorIcon&quot;:&quot;&quot;,&quot;isMetaDate&quot;:true,&quot;metaDateIcon&quot;:&quot;&quot;,&quot;isMetaCategory&quot;:true,&quot;metaCategoryIn&quot;:&quot;content&quot;,&quot;metaCategoryIcon&quot;:&quot;&quot;,&quot;metaTaxonomies&quot;:{&quot;selected&quot;:[]},&quot;isMetaReadTime&quot;:false,&quot;metaReadTimeIcon&quot;:&quot;&quot;,&quot;isMetaReadTimeSec&quot;:false,&quot;metaReadTimeLabel&quot;:&quot;Min read&quot;,&quot;isMetaComment&quot;:false,&quot;metaCommentIcon&quot;:&quot;&quot;,&quot;metaTypo&quot;:{&quot;fontSize&quot;:{&quot;desktop&quot;:&quot;13px&quot;},&quot;textTransform&quot;:&quot;uppercase&quot;},&quot;metaTextColor&quot;:&quot;&quot;,&quot;metaLinkColor&quot;:&quot;#146EF5&quot;,&quot;metaIconColor&quot;:&quot;&quot;,&quot;metaColorsOnImage&quot;:{&quot;color&quot;:&quot;#fff&quot;,&quot;bg&quot;:&quot;#146EF5&quot;},&quot;metaMargin&quot;:{&quot;side&quot;:4,&quot;bottom&quot;:&quot;15px&quot;},&quot;isExcerpt&quot;:true,&quot;isExcerptFromContent&quot;:false,&quot;isEllipsisOnExcerpt&quot;:false,&quot;excerptLength&quot;:25,&quot;excerptAlign&quot;:&quot;justify&quot;,&quot;excerptTypo&quot;:{&quot;fontSize&quot;:{&quot;desktop&quot;:&quot;15px&quot;}},&quot;excerptColor&quot;:&quot;&quot;,&quot;excerptMargin&quot;:{&quot;side&quot;:4,&quot;bottom&quot;:&quot;10px&quot;},&quot;isReadMore&quot;:true,&quot;readMorePosition&quot;:&quot;auto&quot;,&quot;isLinkNewTab&quot;:false,&quot;readMoreAlign&quot;:&quot;left&quot;,&quot;readMoreTypo&quot;:{&quot;fontSize&quot;:{&quot;desktop&quot;:&quot;14px&quot;},&quot;textTransform&quot;:&quot;uppercase&quot;,&quot;fontWeight&quot;:600},&quot;readMoreColors&quot;:{&quot;color&quot;:&quot;#fff&quot;,&quot;bg&quot;:&quot;#146EF5&quot;},&quot;readMoreHovColors&quot;:{&quot;color&quot;:&quot;#fff&quot;,&quot;bg&quot;:&quot;#FF7A00&quot;},&quot;readMorePadding&quot;:{&quot;vertical&quot;:&quot;12px&quot;,&quot;horizontal&quot;:&quot;35px&quot;},&quot;readMoreBorder&quot;:{&quot;radius&quot;:&quot;3px&quot;},&quot;currentPostId&quot;:74}'\n\tdata-extra='{&quot;totalPosts&quot;:3}'\n\tdata-pipecheck=''\n>\n\t<pre id='firstPosts'>\n\t\t[{&quot;id&quot;:1741,&quot;link&quot;:&quot;https:\\\/\\\/college-theodore-rancy.fr\\\/index.php\\\/2026\\\/03\\\/17\\\/portes-ouvertes-du-college\\\/&quot;,&quot;name&quot;:&quot;portes-ouvertes-du-college&quot;,&quot;thumbnail&quot;:{&quot;url&quot;:&quot;https:\\\/\\\/college-theodore-rancy.fr\\\/wp-content\\\/uploads\\\/2025\\\/05\\\/Flyer-JPO-2026-e1773739179371.jpg&quot;,&quot;alt&quot;:&quot;&quot;},&quot;title&quot;:&quot;Portes ouvertes du coll\\u00e8ge&quot;,&quot;postMeta&quot;:[],&quot;author&quot;:{&quot;name&quot;:&quot;Secr\\u00e9tariat (J. Sorbets)&quot;,&quot;link&quot;:&quot;https:\\\/\\\/college-theodore-rancy.fr\\\/index.php\\\/author\\\/jsorbets\\\/&quot;},&quot;date&quot;:&quot;17\\\/03\\\/2026&quot;,&quot;dateGMT&quot;:&quot;2026-03-17 09:16:50&quot;,&quot;modifiedDate&quot;:&quot;2026-03-17 10:40:45&quot;,&quot;modifiedDateGMT&quot;:&quot;2026-03-17 09:40:45&quot;,&quot;commentCount&quot;:&quot;0&quot;,&quot;commentStatus&quot;:&quot;closed&quot;,&quot;categories&quot;:{&quot;coma&quot;:&quot;&lt;a href=\\&quot;https:\\\/\\\/college-theodore-rancy.fr\\\/index.php\\\/category\\\/infos_secretariat\\\/\\&quot; rel=\\&quot;category tag\\&quot;&gt;Informations secr\\u00e9tariat&lt;\\\/a&gt;, &lt;a href=\\&quot;https:\\\/\\\/college-theodore-rancy.fr\\\/index.php\\\/category\\\/non-classe\\\/\\&quot; rel=\\&quot;category tag\\&quot;&gt;Non class\\u00e9&lt;\\\/a&gt;, &lt;a href=\\&quot;https:\\\/\\\/college-theodore-rancy.fr\\\/index.php\\\/category\\\/orientation\\\/\\&quot; rel=\\&quot;category tag\\&quot;&gt;Orientation&lt;\\\/a&gt;, &lt;a href=\\&quot;https:\\\/\\\/college-theodore-rancy.fr\\\/index.php\\\/category\\\/orientation\\\/orientation-decouvrir\\\/\\&quot; rel=\\&quot;category tag\\&quot;&gt;Orientation - d\\u00e9couvrir&lt;\\\/a&gt;&quot;,&quot;space&quot;:&quot;&lt;a href=\\&quot;https:\\\/\\\/college-theodore-rancy.fr\\\/index.php\\\/category\\\/infos_secretariat\\\/\\&quot; rel=\\&quot;category tag\\&quot;&gt;Informations secr\\u00e9tariat&lt;\\\/a&gt; &lt;a href=\\&quot;https:\\\/\\\/college-theodore-rancy.fr\\\/index.php\\\/category\\\/non-classe\\\/\\&quot; rel=\\&quot;category tag\\&quot;&gt;Non class\\u00e9&lt;\\\/a&gt; &lt;a href=\\&quot;https:\\\/\\\/college-theodore-rancy.fr\\\/index.php\\\/category\\\/orientation\\\/\\&quot; rel=\\&quot;category tag\\&quot;&gt;Orientation&lt;\\\/a&gt; &lt;a href=\\&quot;https:\\\/\\\/college-theodore-rancy.fr\\\/index.php\\\/category\\\/orientation\\\/orientation-decouvrir\\\/\\&quot; rel=\\&quot;category tag\\&quot;&gt;Orientation - d\\u00e9couvrir&lt;\\\/a&gt;&quot;},&quot;taxonomies&quot;:{&quot;post_tag&quot;:&quot;&quot;},&quot;readTime&quot;:{&quot;min&quot;:0,&quot;sec&quot;:8},&quot;status&quot;:&quot;publish&quot;,&quot;excerpt&quot;:&quot;&quot;},{&quot;id&quot;:587,&quot;link&quot;:&quot;https:\\\/\\\/college-theodore-rancy.fr\\\/index.php\\\/2025\\\/06\\\/24\\\/les-transports-scolaires\\\/&quot;,&quot;name&quot;:&quot;les-transports-scolaires&quot;,&quot;thumbnail&quot;:{&quot;url&quot;:&quot;https:\\\/\\\/college-theodore-rancy.fr\\\/wp-content\\\/uploads\\\/2023\\\/06\\\/bus-2523410_640_radonracer.jpg&quot;,&quot;alt&quot;:&quot;&quot;},&quot;title&quot;:&quot;Les transports scolaires&quot;,&quot;postMeta&quot;:[],&quot;author&quot;:{&quot;name&quot;:&quot;Secr\\u00e9tariat (J. Sorbets)&quot;,&quot;link&quot;:&quot;https:\\\/\\\/college-theodore-rancy.fr\\\/index.php\\\/author\\\/jsorbets\\\/&quot;},&quot;date&quot;:&quot;24\\\/06\\\/2025&quot;,&quot;dateGMT&quot;:&quot;2025-06-24 09:01:06&quot;,&quot;modifiedDate&quot;:&quot;2025-06-24 11:01:06&quot;,&quot;modifiedDateGMT&quot;:&quot;2025-06-24 09:01:06&quot;,&quot;commentCount&quot;:&quot;0&quot;,&quot;commentStatus&quot;:&quot;closed&quot;,&quot;categories&quot;:{&quot;coma&quot;:&quot;&lt;a href=\\&quot;https:\\\/\\\/college-theodore-rancy.fr\\\/index.php\\\/category\\\/infos_secretariat\\\/\\&quot; rel=\\&quot;category tag\\&quot;&gt;Informations secr\\u00e9tariat&lt;\\\/a&gt;, &lt;a href=\\&quot;https:\\\/\\\/college-theodore-rancy.fr\\\/index.php\\\/category\\\/infos_secretariat\\\/rentree\\\/\\&quot; rel=\\&quot;category tag\\&quot;&gt;La rentr\\u00e9e&lt;\\\/a&gt;&quot;,&quot;space&quot;:&quot;&lt;a href=\\&quot;https:\\\/\\\/college-theodore-rancy.fr\\\/index.php\\\/category\\\/infos_secretariat\\\/\\&quot; rel=\\&quot;category tag\\&quot;&gt;Informations secr\\u00e9tariat&lt;\\\/a&gt; &lt;a href=\\&quot;https:\\\/\\\/college-theodore-rancy.fr\\\/index.php\\\/category\\\/infos_secretariat\\\/rentree\\\/\\&quot; rel=\\&quot;category tag\\&quot;&gt;La rentr\\u00e9e&lt;\\\/a&gt;&quot;},&quot;taxonomies&quot;:{&quot;post_tag&quot;:&quot;&quot;},&quot;readTime&quot;:{&quot;min&quot;:0,&quot;sec&quot;:55},&quot;status&quot;:&quot;publish&quot;,&quot;excerpt&quot;:&quot;&quot;},{&quot;id&quot;:1394,&quot;link&quot;:&quot;https:\\\/\\\/college-theodore-rancy.fr\\\/index.php\\\/2025\\\/06\\\/24\\\/informations-de-rentree-et-fournitures-scolaires\\\/&quot;,&quot;name&quot;:&quot;informations-de-rentree-et-fournitures-scolaires&quot;,&quot;thumbnail&quot;:{&quot;url&quot;:&quot;https:\\\/\\\/college-theodore-rancy.fr\\\/wp-content\\\/uploads\\\/2024\\\/07\\\/desk-1574669_640.jpg&quot;,&quot;alt&quot;:&quot;&quot;},&quot;title&quot;:&quot;Informations de rentr\\u00e9e et fournitures scolaires (2025-2026)&quot;,&quot;postMeta&quot;:[],&quot;author&quot;:{&quot;name&quot;:&quot;Secr\\u00e9tariat (J. Sorbets)&quot;,&quot;link&quot;:&quot;https:\\\/\\\/college-theodore-rancy.fr\\\/index.php\\\/author\\\/jsorbets\\\/&quot;},&quot;date&quot;:&quot;24\\\/06\\\/2025&quot;,&quot;dateGMT&quot;:&quot;2025-06-24 08:36:45&quot;,&quot;modifiedDate&quot;:&quot;2025-07-01 15:28:27&quot;,&quot;modifiedDateGMT&quot;:&quot;2025-07-01 13:28:27&quot;,&quot;commentCount&quot;:&quot;0&quot;,&quot;commentStatus&quot;:&quot;closed&quot;,&quot;categories&quot;:{&quot;coma&quot;:&quot;&lt;a href=\\&quot;https:\\\/\\\/college-theodore-rancy.fr\\\/index.php\\\/category\\\/infos_secretariat\\\/\\&quot; rel=\\&quot;category tag\\&quot;&gt;Informations secr\\u00e9tariat&lt;\\\/a&gt;, &lt;a href=\\&quot;https:\\\/\\\/college-theodore-rancy.fr\\\/index.php\\\/category\\\/infos_secretariat\\\/rentree\\\/\\&quot; rel=\\&quot;category tag\\&quot;&gt;La rentr\\u00e9e&lt;\\\/a&gt;&quot;,&quot;space&quot;:&quot;&lt;a href=\\&quot;https:\\\/\\\/college-theodore-rancy.fr\\\/index.php\\\/category\\\/infos_secretariat\\\/\\&quot; rel=\\&quot;category tag\\&quot;&gt;Informations secr\\u00e9tariat&lt;\\\/a&gt; &lt;a href=\\&quot;https:\\\/\\\/college-theodore-rancy.fr\\\/index.php\\\/category\\\/infos_secretariat\\\/rentree\\\/\\&quot; rel=\\&quot;category tag\\&quot;&gt;La rentr\\u00e9e&lt;\\\/a&gt;&quot;},&quot;taxonomies&quot;:{&quot;post_tag&quot;:&quot;&quot;},&quot;readTime&quot;:{&quot;min&quot;:0,&quot;sec&quot;:55},&quot;status&quot;:&quot;publish&quot;,&quot;excerpt&quot;:&quot;&quot;}]\t<\/pre>\n\n\t\t\t\t<div class='apbLoadingPlaceholder' id='apbLoadingPlaceholder-2'>\n\t\t\t\t\t\t\t\t\t\t<div class='apbGridPosts columns-3 columns-tablet-2 columns-mobile-1'>\n\t\t\t\t\t\t\t<article class='apbPost'>\n\t\t\t<span class='apbLoadingItem apbThumb'><\/span>\n\t\t\t\n\t\t\t<div class='apbText'>\n\t\t\t\t<div class='apbTitle'>\n\t\t\t\t\t<span class='apbLoadingItem'><\/span>\n\t\t\t\t\t<span class='apbLoadingItem'><\/span>\n\t\t\t\t<\/div>\n\t\t\t\t<div class='apbMeta'>\n\t\t\t\t\t<span class='apbLoadingItem'><\/span>\n\t\t\t\t<\/div>\n\t\t\t\t<div class='apbExcerpt'>\n\t\t\t\t\t<span class='apbLoadingItem'><\/span>\n\t\t\t\t\t<span class='apbLoadingItem'><\/span>\n\t\t\t\t\t<span class='apbLoadingItem'><\/span>\n\t\t\t\t\t<span class='apbLoadingItem'><\/span>\n\t\t\t\t<\/div>\n\t\t\t\t<div class='apbReadMore'>\n\t\t\t\t\t<span class='apbLoadingItem'><\/span>\n\t\t\t\t<\/div>\n\t\t\t<\/div>\n\t\t<\/article><article class='apbPost'>\n\t\t\t<span class='apbLoadingItem apbThumb'><\/span>\n\t\t\t\n\t\t\t<div class='apbText'>\n\t\t\t\t<div class='apbTitle'>\n\t\t\t\t\t<span class='apbLoadingItem'><\/span>\n\t\t\t\t\t<span class='apbLoadingItem'><\/span>\n\t\t\t\t<\/div>\n\t\t\t\t<div class='apbMeta'>\n\t\t\t\t\t<span class='apbLoadingItem'><\/span>\n\t\t\t\t<\/div>\n\t\t\t\t<div class='apbExcerpt'>\n\t\t\t\t\t<span class='apbLoadingItem'><\/span>\n\t\t\t\t\t<span class='apbLoadingItem'><\/span>\n\t\t\t\t\t<span class='apbLoadingItem'><\/span>\n\t\t\t\t\t<span class='apbLoadingItem'><\/span>\n\t\t\t\t<\/div>\n\t\t\t\t<div class='apbReadMore'>\n\t\t\t\t\t<span class='apbLoadingItem'><\/span>\n\t\t\t\t<\/div>\n\t\t\t<\/div>\n\t\t<\/article><article class='apbPost'>\n\t\t\t<span class='apbLoadingItem apbThumb'><\/span>\n\t\t\t\n\t\t\t<div class='apbText'>\n\t\t\t\t<div class='apbTitle'>\n\t\t\t\t\t<span class='apbLoadingItem'><\/span>\n\t\t\t\t\t<span class='apbLoadingItem'><\/span>\n\t\t\t\t<\/div>\n\t\t\t\t<div class='apbMeta'>\n\t\t\t\t\t<span class='apbLoadingItem'><\/span>\n\t\t\t\t<\/div>\n\t\t\t\t<div class='apbExcerpt'>\n\t\t\t\t\t<span class='apbLoadingItem'><\/span>\n\t\t\t\t\t<span class='apbLoadingItem'><\/span>\n\t\t\t\t\t<span class='apbLoadingItem'><\/span>\n\t\t\t\t\t<span class='apbLoadingItem'><\/span>\n\t\t\t\t<\/div>\n\t\t\t\t<div class='apbReadMore'>\n\t\t\t\t\t<span class='apbLoadingItem'><\/span>\n\t\t\t\t<\/div>\n\t\t\t<\/div>\n\t\t<\/article>\t\t\t\t\t\t<\/div>\n\t\t\t\t\t\t\t\t<\/div>\n\t\t<\/div>\n\n\n<p><\/p>\n","protected":false},"excerpt":{"rendered":"<p>Ouverture du secr\u00e9tariat : de 8 h 30 \u00e0 12 h 30 et de 13 h 40 \u00e0 17 h 30. Standard : 05 45 98 24 44.Secr\u00e9tariat : ce.0160015e@ac-poitiers.frGestion : int.0160015e@ac-poitiers.fr Les informations du secr\u00e9tariat<\/p>\n","protected":false},"author":20,"featured_media":0,"parent":0,"menu_order":0,"comment_status":"closed","ping_status":"closed","template":"","meta":{"saved_in_kubio":false,"footnotes":""},"class_list":["post-74","page","type-page","status-publish","hentry"],"kubio_ai_page_context":{"short_desc":"","purpose":"general"},"_links":{"self":[{"href":"https:\/\/college-theodore-rancy.fr\/index.php\/wp-json\/wp\/v2\/pages\/74","targetHints":{"allow":["GET"]}}],"collection":[{"href":"https:\/\/college-theodore-rancy.fr\/index.php\/wp-json\/wp\/v2\/pages"}],"about":[{"href":"https:\/\/college-theodore-rancy.fr\/index.php\/wp-json\/wp\/v2\/types\/page"}],"author":[{"embeddable":true,"href":"https:\/\/college-theodore-rancy.fr\/index.php\/wp-json\/wp\/v2\/users\/20"}],"replies":[{"embeddable":true,"href":"https:\/\/college-theodore-rancy.fr\/index.php\/wp-json\/wp\/v2\/comments?post=74"}],"version-history":[{"count":23,"href":"https:\/\/college-theodore-rancy.fr\/index.php\/wp-json\/wp\/v2\/pages\/74\/revisions"}],"predecessor-version":[{"id":592,"href":"https:\/\/college-theodore-rancy.fr\/index.php\/wp-json\/wp\/v2\/pages\/74\/revisions\/592"}],"wp:attachment":[{"href":"https:\/\/college-theodore-rancy.fr\/index.php\/wp-json\/wp\/v2\/media?parent=74"}],"curies":[{"name":"wp","href":"https:\/\/api.w.org\/{rel}","templated":true}]}}