{"id":2,"date":"2023-01-20T18:14:42","date_gmt":"2023-01-20T17:14:42","guid":{"rendered":"http:\/\/college-theodore-rancy.fr\/?page_id=2"},"modified":"2023-06-15T15:57:41","modified_gmt":"2023-06-15T13:57:41","slug":"page-d-exemple","status":"publish","type":"page","link":"https:\/\/college-theodore-rancy.fr\/index.php\/page-d-exemple\/","title":{"rendered":"Disciplines"},"content":{"rendered":"\n<p>Etablissement public d&#8217;enseignement g\u00e9n\u00e9ral, le coll\u00e8ge Th\u00e9odore Rancy propose en plus des disciplines obligatoires un large choix d&#8217;options telles que le latin ou l&#8217;enseignement facultatif de chant choral mais \u00e9galement des dispositifs innovants comme les classes chantantes ou la mini-entreprise.<\/p>\n\n\n\n<p><\/p>\n\n\n\n<p><\/p>\n","protected":false},"excerpt":{"rendered":"<p>Etablissement public d&#8217;enseignement g\u00e9n\u00e9ral, le coll\u00e8ge Th\u00e9odore Rancy propose en plus des disciplines obligatoires un large choix d&#8217;options telles que le latin ou l&#8217;enseignement facultatif de chant choral mais \u00e9galement des dispositifs innovants comme les classes chantantes ou la mini-entreprise.<\/p>\n","protected":false},"author":1,"featured_media":161,"parent":0,"menu_order":0,"comment_status":"closed","ping_status":"open","template":"","meta":{"saved_in_kubio":false,"footnotes":""},"class_list":["post-2","page","type-page","status-publish","has-post-thumbnail","hentry"],"kubio_ai_page_context":{"short_desc":"","purpose":"general"},"_links":{"self":[{"href":"https:\/\/college-theodore-rancy.fr\/index.php\/wp-json\/wp\/v2\/pages\/2","targetHints":{"allow":["GET"]}}],"collection":[{"href":"https:\/\/college-theodore-rancy.fr\/index.php\/wp-json\/wp\/v2\/pages"}],"about":[{"href":"https:\/\/college-theodore-rancy.fr\/index.php\/wp-json\/wp\/v2\/types\/page"}],"author":[{"embeddable":true,"href":"https:\/\/college-theodore-rancy.fr\/index.php\/wp-json\/wp\/v2\/users\/1"}],"replies":[{"embeddable":true,"href":"https:\/\/college-theodore-rancy.fr\/index.php\/wp-json\/wp\/v2\/comments?post=2"}],"version-history":[{"count":5,"href":"https:\/\/college-theodore-rancy.fr\/index.php\/wp-json\/wp\/v2\/pages\/2\/revisions"}],"predecessor-version":[{"id":569,"href":"https:\/\/college-theodore-rancy.fr\/index.php\/wp-json\/wp\/v2\/pages\/2\/revisions\/569"}],"wp:featuredmedia":[{"embeddable":true,"href":"https:\/\/college-theodore-rancy.fr\/index.php\/wp-json\/wp\/v2\/media\/161"}],"wp:attachment":[{"href":"https:\/\/college-theodore-rancy.fr\/index.php\/wp-json\/wp\/v2\/media?parent=2"}],"curies":[{"name":"wp","href":"https:\/\/api.w.org\/{rel}","templated":true}]}}